{"id":113,"date":"2022-08-09T16:29:14","date_gmt":"2022-08-09T14:29:14","guid":{"rendered":"http:\/\/artglas.si\/?page_id=113"},"modified":"2022-08-31T15:31:16","modified_gmt":"2022-08-31T13:31:16","slug":"kdo-smo","status":"publish","type":"page","link":"https:\/\/artglas.si\/sl\/kdo-smo\/","title":{"rendered":"Kdo Smo"},"content":{"rendered":"","protected":false},"excerpt":{"rendered":"","protected":false},"author":2,"featured_media":0,"parent":0,"menu_order":0,"comment_status":"closed","ping_status":"closed","template":"","meta":{"slim_seo":{"title":"O podjetju","description":"Smo dru\u017einsko podjetje, ki \u017ee ve\u010d kot 30 let prepleta umetnost steklopiha\u0161tva z in\u017eenirstvom. Odlikuje nas ljubezen do stekla, s katerim rokujemo in ro\u010dno izdelujemo kakovostne izdelke po \u017eeljah naro\u010dnikov."},"footnotes":""},"class_list":["post-113","page","type-page","status-publish","hentry"],"_links":{"self":[{"href":"https:\/\/artglas.si\/sl\/wp-json\/wp\/v2\/pages\/113","targetHints":{"allow":["GET"]}}],"collection":[{"href":"https:\/\/artglas.si\/sl\/wp-json\/wp\/v2\/pages"}],"about":[{"href":"https:\/\/artglas.si\/sl\/wp-json\/wp\/v2\/types\/page"}],"author":[{"embeddable":true,"href":"https:\/\/artglas.si\/sl\/wp-json\/wp\/v2\/users\/2"}],"replies":[{"embeddable":true,"href":"https:\/\/artglas.si\/sl\/wp-json\/wp\/v2\/comments?post=113"}],"version-history":[{"count":1,"href":"https:\/\/artglas.si\/sl\/wp-json\/wp\/v2\/pages\/113\/revisions"}],"predecessor-version":[{"id":117,"href":"https:\/\/artglas.si\/sl\/wp-json\/wp\/v2\/pages\/113\/revisions\/117"}],"wp:attachment":[{"href":"https:\/\/artglas.si\/sl\/wp-json\/wp\/v2\/media?parent=113"}],"curies":[{"name":"wp","href":"https:\/\/api.w.org\/{rel}","templated":true}]}}