{"id":181,"date":"2022-08-31T02:23:15","date_gmt":"2022-08-31T00:23:15","guid":{"rendered":"http:\/\/artglas.si\/?page_id=181"},"modified":"2022-08-31T15:32:51","modified_gmt":"2022-08-31T13:32:51","slug":"borosilikatno-steklo","status":"publish","type":"page","link":"http:\/\/artglas.si\/it\/borosilikatno-steklo\/","title":{"rendered":"ZAKAJ BOROSILIKATNO STEKLO"},"content":{"rendered":"","protected":false},"excerpt":{"rendered":"","protected":false},"author":2,"featured_media":0,"parent":0,"menu_order":0,"comment_status":"closed","ping_status":"closed","template":"","meta":{"slim_seo":{"title":"Borosilikatno steklo","description":"Pri izdelkih v celoti uporabljamo borosilikatno steklo. To ni navadno steklo. Kakovostna povr\u0161ina, \u010distost, vrhunski videz in mo\u017enost oblikovanja poljubne oblike dajejo borosilikatnemu steklu prednost pri izdelavi vrhunskih izdelkov."},"footnotes":""},"class_list":["post-181","page","type-page","status-publish","hentry"],"_links":{"self":[{"href":"http:\/\/artglas.si\/it\/wp-json\/wp\/v2\/pages\/181","targetHints":{"allow":["GET"]}}],"collection":[{"href":"http:\/\/artglas.si\/it\/wp-json\/wp\/v2\/pages"}],"about":[{"href":"http:\/\/artglas.si\/it\/wp-json\/wp\/v2\/types\/page"}],"author":[{"embeddable":true,"href":"http:\/\/artglas.si\/it\/wp-json\/wp\/v2\/users\/2"}],"replies":[{"embeddable":true,"href":"http:\/\/artglas.si\/it\/wp-json\/wp\/v2\/comments?post=181"}],"version-history":[{"count":1,"href":"http:\/\/artglas.si\/it\/wp-json\/wp\/v2\/pages\/181\/revisions"}],"predecessor-version":[{"id":182,"href":"http:\/\/artglas.si\/it\/wp-json\/wp\/v2\/pages\/181\/revisions\/182"}],"wp:attachment":[{"href":"http:\/\/artglas.si\/it\/wp-json\/wp\/v2\/media?parent=181"}],"curies":[{"name":"wp","href":"https:\/\/api.w.org\/{rel}","templated":true}]}}