{"id":179,"date":"2022-08-31T02:22:01","date_gmt":"2022-08-31T00:22:01","guid":{"rendered":"http:\/\/artglas.si\/?page_id=179"},"modified":"2022-08-31T15:32:18","modified_gmt":"2022-08-31T13:32:18","slug":"razrez-steklenih-cevi","status":"publish","type":"page","link":"http:\/\/artglas.si\/de\/razrez-steklenih-cevi\/","title":{"rendered":"Schneiden von Glasrohren"},"content":{"rendered":"","protected":false},"excerpt":{"rendered":"","protected":false},"author":2,"featured_media":0,"parent":0,"menu_order":0,"comment_status":"closed","ping_status":"closed","template":"","meta":{"slim_seo":{"title":"Razrez steklenih cevi","description":"Pri obdelavi oblik steklo tudi re\u017eemo. Izvajamo razrez z diamantno \u017eago ali s termo\u0161okom. Pri razrezu z diamantno \u017eago so glavne prednosti natan\u010dna obdelava, mo\u017enost reza pod razli\u010dnimi koti in na razli\u010dnih mestih."},"footnotes":""},"class_list":["post-179","page","type-page","status-publish","hentry"],"_links":{"self":[{"href":"http:\/\/artglas.si\/de\/wp-json\/wp\/v2\/pages\/179","targetHints":{"allow":["GET"]}}],"collection":[{"href":"http:\/\/artglas.si\/de\/wp-json\/wp\/v2\/pages"}],"about":[{"href":"http:\/\/artglas.si\/de\/wp-json\/wp\/v2\/types\/page"}],"author":[{"embeddable":true,"href":"http:\/\/artglas.si\/de\/wp-json\/wp\/v2\/users\/2"}],"replies":[{"embeddable":true,"href":"http:\/\/artglas.si\/de\/wp-json\/wp\/v2\/comments?post=179"}],"version-history":[{"count":1,"href":"http:\/\/artglas.si\/de\/wp-json\/wp\/v2\/pages\/179\/revisions"}],"predecessor-version":[{"id":180,"href":"http:\/\/artglas.si\/de\/wp-json\/wp\/v2\/pages\/179\/revisions\/180"}],"wp:attachment":[{"href":"http:\/\/artglas.si\/de\/wp-json\/wp\/v2\/media?parent=179"}],"curies":[{"name":"wp","href":"https:\/\/api.w.org\/{rel}","templated":true}]}}